{"id":1007,"date":"2024-11-25T20:48:49","date_gmt":"2024-11-25T19:48:49","guid":{"rendered":"http:\/\/ambulancestaxisfontany.fr\/?page_id=1007"},"modified":"2025-09-11T14:52:33","modified_gmt":"2025-09-11T12:52:33","slug":"politique-de-confidentialite-2","status":"publish","type":"page","link":"https:\/\/ambulancestaxisfontany.fr\/index.php\/politique-de-confidentialite-2\/","title":{"rendered":"Politique de confidentialit\u00e9"},"content":{"rendered":"<p><div class=\"fusion-fullwidth fullwidth-box fusion-builder-row-1 fusion-flex-container has-pattern-background has-mask-background fusion-parallax-fixed hundred-percent-fullwidth non-hundred-percent-height-scrolling lazyload\" style=\"--awb-background-position:center bottom;--awb-background-blend-mode:overlay;--awb-border-radius-top-left:0px;--awb-border-radius-top-right:0px;--awb-border-radius-bottom-right:0px;--awb-border-radius-bottom-left:0px;--awb-padding-top:124px;--awb-padding-right:0px;--awb-padding-bottom:0px;--awb-padding-left:0px;--awb-background-color:rgba(13,33,135,0.48);--awb-background-size:cover;--awb-flex-wrap:wrap;background-attachment:fixed;\" data-bg=\"https:\/\/ambulancestaxisfontany.fr\/wp-content\/uploads\/2025\/09\/mentions-legales.jpg\" ><div class=\"fusion-builder-row fusion-row fusion-flex-align-items-flex-start fusion-flex-content-wrap\" style=\"width:104% !important;max-width:104% !important;margin-left: calc(-4% \/ 2 );margin-right: calc(-4% \/ 2 );\"><div class=\"fusion-layout-column fusion_builder_column fusion-builder-column-0 fusion_builder_column_1_1 1_1 fusion-flex-column\" style=\"--awb-bg-size:cover;--awb-width-large:100%;--awb-margin-top-large:50px;--awb-spacing-right-large:1.92%;--awb-margin-bottom-large:0px;--awb-spacing-left-large:1.92%;--awb-width-medium:100%;--awb-order-medium:0;--awb-spacing-right-medium:1.92%;--awb-spacing-left-medium:1.92%;--awb-width-small:100%;--awb-order-small:0;--awb-spacing-right-small:1.92%;--awb-spacing-left-small:1.92%;\"><div class=\"fusion-column-wrapper fusion-column-has-shadow fusion-flex-justify-content-flex-start fusion-content-layout-column\"><div class=\"fusion-title title fusion-title-1 fusion-sep-none fusion-title-center fusion-title-text fusion-title-size-one\" style=\"--awb-text-color:var(--awb-color1);--awb-font-size:100px;\"><h1 class=\"fusion-title-heading title-heading-center fusion-responsive-typography-calculated\" style=\"margin:0;font-size:1em;--fontSize:100;line-height:var(--awb-typography1-line-height);\">Politique de confidentialit\u00e9<\/h1><\/div><\/div><\/div><div class=\"fusion-layout-column fusion_builder_column fusion-builder-column-1 fusion_builder_column_1_1 1_1 fusion-flex-column\" style=\"--awb-bg-size:cover;--awb-width-large:100%;--awb-margin-top-large:0px;--awb-spacing-right-large:1.92%;--awb-margin-bottom-large:0px;--awb-spacing-left-large:1.92%;--awb-width-medium:100%;--awb-order-medium:0;--awb-spacing-right-medium:1.92%;--awb-spacing-left-medium:1.92%;--awb-width-small:100%;--awb-order-small:0;--awb-spacing-right-small:1.92%;--awb-spacing-left-small:1.92%;\"><div class=\"fusion-column-wrapper fusion-column-has-shadow fusion-flex-justify-content-flex-start fusion-content-layout-column\"><div class=\"fusion-image-element \" style=\"--awb-caption-title-font-family:var(--h2_typography-font-family);--awb-caption-title-font-weight:var(--h2_typography-font-weight);--awb-caption-title-font-style:var(--h2_typography-font-style);--awb-caption-title-size:var(--h2_typography-font-size);--awb-caption-title-transform:var(--h2_typography-text-transform);--awb-caption-title-line-height:var(--h2_typography-line-height);--awb-caption-title-letter-spacing:var(--h2_typography-letter-spacing);\"><span class=\" fusion-imageframe imageframe-none imageframe-1 hover-type-none\"><img decoding=\"async\" width=\"1920\" height=\"479\" title=\"fond-fontany-section-separateurV2\" src=\"https:\/\/ambulancestaxisfontany.fr\/wp-content\/uploads\/2024\/11\/fond-fontany-section-separateurV2.png\" data-orig-src=\"https:\/\/ambulancestaxisfontany.fr\/wp-content\/uploads\/2024\/11\/fond-fontany-section-separateurV2.png\" alt class=\"lazyload img-responsive wp-image-1101\" srcset=\"data:image\/svg+xml,%3Csvg%20xmlns%3D%27http%3A%2F%2Fwww.w3.org%2F2000%2Fsvg%27%20width%3D%271920%27%20height%3D%27479%27%20viewBox%3D%270%200%201920%20479%27%3E%3Crect%20width%3D%271920%27%20height%3D%27479%27%20fill-opacity%3D%220%22%2F%3E%3C%2Fsvg%3E\" data-srcset=\"https:\/\/ambulancestaxisfontany.fr\/wp-content\/uploads\/2024\/11\/fond-fontany-section-separateurV2-200x50.png 200w, https:\/\/ambulancestaxisfontany.fr\/wp-content\/uploads\/2024\/11\/fond-fontany-section-separateurV2-400x100.png 400w, https:\/\/ambulancestaxisfontany.fr\/wp-content\/uploads\/2024\/11\/fond-fontany-section-separateurV2-600x150.png 600w, https:\/\/ambulancestaxisfontany.fr\/wp-content\/uploads\/2024\/11\/fond-fontany-section-separateurV2-800x200.png 800w, https:\/\/ambulancestaxisfontany.fr\/wp-content\/uploads\/2024\/11\/fond-fontany-section-separateurV2-1200x299.png 1200w, https:\/\/ambulancestaxisfontany.fr\/wp-content\/uploads\/2024\/11\/fond-fontany-section-separateurV2.png 1920w\" data-sizes=\"auto\" data-orig-sizes=\"(max-width: 1024px) 100vw, (max-width: 640px) 100vw, 1200px\" \/><\/span><\/div><\/div><\/div><\/div><\/div><div class=\"fusion-fullwidth fullwidth-box fusion-builder-row-2 fusion-flex-container has-pattern-background has-mask-background nonhundred-percent-fullwidth non-hundred-percent-height-scrolling\" style=\"--awb-border-radius-top-left:0px;--awb-border-radius-top-right:0px;--awb-border-radius-bottom-right:0px;--awb-border-radius-bottom-left:0px;--awb-flex-wrap:wrap;\" ><div class=\"fusion-builder-row fusion-row fusion-flex-align-items-flex-start fusion-flex-content-wrap\" style=\"max-width:1185.6px;margin-left: calc(-4% \/ 2 );margin-right: calc(-4% \/ 2 );\"><div class=\"fusion-layout-column fusion_builder_column fusion-builder-column-2 fusion_builder_column_1_1 1_1 fusion-flex-column\" style=\"--awb-bg-size:cover;--awb-width-large:100%;--awb-margin-top-large:0px;--awb-spacing-right-large:1.92%;--awb-margin-bottom-large:20px;--awb-spacing-left-large:1.92%;--awb-width-medium:100%;--awb-order-medium:0;--awb-spacing-right-medium:1.92%;--awb-spacing-left-medium:1.92%;--awb-width-small:100%;--awb-order-small:0;--awb-spacing-right-small:1.92%;--awb-spacing-left-small:1.92%;\"><div class=\"fusion-column-wrapper fusion-column-has-shadow fusion-flex-justify-content-flex-start fusion-content-layout-column\"><div class=\"fusion-text fusion-text-1\"><p>Politique de confidentialit\u00e9 \u2013 SARL Fontany<\/p>\n<p>Informations l\u00e9gales<\/p>\n<p>Nom de soci\u00e9t\u00e9 : SARL Fontany<\/p>\n<p>SIRET : 41966039400026<\/p>\n<p>Adresse : All\u00e9e Edouard Farnier, 26110 Nyons<\/p>\n<p>Email : contact@ambulancestaxisfontany.fr<\/p>\n<p>Site web : https:\/\/ambulancestaxisfontany.fr\/<\/p>\n<p>Activit\u00e9 principale : 8690A (ambulances)<\/p>\n<p>Type de soci\u00e9t\u00e9 : SARL<\/p>\n<p>Droits des utilisateurs<\/p>\n<p>Conform\u00e9ment au RGPD, vous disposez des droits suivants sur vos donn\u00e9es :<\/p>\n<p>Acc\u00e8s, rectification, suppression<\/p>\n<p>Limitation et opposition au traitement<\/p>\n<p>Portabilit\u00e9 des donn\u00e9es<\/p>\n<p>Pour exercer vos droits, vous pouvez nous contacter par email : contact@ambulancestaxisfontany.fr<\/p>\n<p>.<\/p>\n<p>Un justificatif d\u2019identit\u00e9 pourra \u00eatre demand\u00e9.<\/p>\n<p>En cas de probl\u00e8me, vous pouvez saisir la CNIL : https:\/\/www.cnil.fr<\/p>\n<p>.<\/p>\n<p>Transfert hors UE<\/p>\n<p>Les donn\u00e9es peuvent \u00eatre transf\u00e9r\u00e9es \u00e0 des prestataires hors Union Europ\u00e9enne uniquement dans le cadre de clauses contractuelles types conformes au RGPD.<\/p>\n<p>Dur\u00e9e de conservation<\/p>\n<p>Prospection : maximum 3 ans apr\u00e8s le dernier contact<\/p>\n<p>Archivage l\u00e9gal ou judiciaire : anonymis\u00e9 et s\u00e9curis\u00e9<\/p>\n<p>Autres donn\u00e9es : uniquement le temps n\u00e9cessaire aux finalit\u00e9s d\u00e9finies.<\/p>\n<p>S\u00e9curit\u00e9 des donn\u00e9es<\/p>\n<p>La SARL Fontany prend toutes les pr\u00e9cautions n\u00e9cessaires pour garantir la s\u00e9curit\u00e9 et la confidentialit\u00e9 des donn\u00e9es, notamment via des prestataires sp\u00e9cialis\u00e9s.<\/p>\n<p>Les donn\u00e9es sont h\u00e9berg\u00e9es au sein de l\u2019Union Europ\u00e9enne.<\/p>\n<p>Cookies et traceurs<\/p>\n<p>Cookies n\u00e9cessaires au fonctionnement du site<\/p>\n<p>Analyse de navigation et statistiques (avec consentement)<\/p>\n<p>Gestion via WordPress avec possibilit\u00e9 de param\u00e9trage par l\u2019utilisateur<\/p>\n<p>Param\u00e9trage possible selon votre navigateur : Safari, Chrome, Firefox, Edge.<\/p>\n<p>Opposition possible via : http:\/\/www.youronlinechoices.com\/fr\/controler-ses-cookies\/<\/p>\n<p>.<\/p>\n<p>R\u00e9seaux sociaux<\/p>\n<p>Les contenus publi\u00e9s par les utilisateurs sur les r\u00e9seaux sociaux officiels de la SARL Fontany peuvent \u00eatre visibles par des tiers.<\/p>\n<p>L\u2019entreprise n\u2019est pas responsable de l\u2019usage de ces donn\u00e9es par des tiers.<\/p>\n<p>Liens vers des sites tiers<\/p>\n<p>Le site peut contenir des liens vers des sites tiers. La SARL Fontany n\u2019est pas responsable de leur traitement des donn\u00e9es.<\/p>\n<p>Nous vous invitons \u00e0 consulter les politiques de confidentialit\u00e9 de ces sites.<\/p>\n<\/div><\/div><\/div><\/div><\/div><\/p>\n","protected":false},"excerpt":{"rendered":"","protected":false},"author":1,"featured_media":0,"parent":0,"menu_order":0,"comment_status":"closed","ping_status":"closed","template":"100-width.php","meta":{"footnotes":""},"class_list":["post-1007","page","type-page","status-publish","hentry"],"_links":{"self":[{"href":"https:\/\/ambulancestaxisfontany.fr\/index.php\/wp-json\/wp\/v2\/pages\/1007","targetHints":{"allow":["GET"]}}],"collection":[{"href":"https:\/\/ambulancestaxisfontany.fr\/index.php\/wp-json\/wp\/v2\/pages"}],"about":[{"href":"https:\/\/ambulancestaxisfontany.fr\/index.php\/wp-json\/wp\/v2\/types\/page"}],"author":[{"embeddable":true,"href":"https:\/\/ambulancestaxisfontany.fr\/index.php\/wp-json\/wp\/v2\/users\/1"}],"replies":[{"embeddable":true,"href":"https:\/\/ambulancestaxisfontany.fr\/index.php\/wp-json\/wp\/v2\/comments?post=1007"}],"version-history":[{"count":2,"href":"https:\/\/ambulancestaxisfontany.fr\/index.php\/wp-json\/wp\/v2\/pages\/1007\/revisions"}],"predecessor-version":[{"id":1232,"href":"https:\/\/ambulancestaxisfontany.fr\/index.php\/wp-json\/wp\/v2\/pages\/1007\/revisions\/1232"}],"wp:attachment":[{"href":"https:\/\/ambulancestaxisfontany.fr\/index.php\/wp-json\/wp\/v2\/media?parent=1007"}],"curies":[{"name":"wp","href":"https:\/\/api.w.org\/{rel}","templated":true}]}}